{"id":7869,"date":"2023-06-02T11:50:34","date_gmt":"2023-06-02T14:50:34","guid":{"rendered":"https:\/\/bandex.ar\/plantas-industriais\/"},"modified":"2023-08-18T13:58:52","modified_gmt":"2023-08-18T16:58:52","slug":"plantas-industriais","status":"publish","type":"page","link":"https:\/\/bandex.ar\/pt-br\/plantas-industriais\/","title":{"rendered":"Plantas industriais"},"content":{"rendered":"\t\t<div data-elementor-type=\"wp-page\" data-elementor-id=\"7869\" class=\"elementor elementor-7869 elementor-5478\" data-elementor-post-type=\"page\">\n\t\t\t\t\t\t<section class=\"elementor-section elementor-top-section elementor-element elementor-element-3ce71c2d elementor-section-boxed elementor-section-height-default elementor-section-height-default\" data-id=\"3ce71c2d\" data-element_type=\"section\" data-e-type=\"section\">\n\t\t\t\t\t\t<div class=\"elementor-container elementor-column-gap-default\">\n\t\t\t\t\t<div class=\"elementor-column elementor-col-100 elementor-top-column elementor-element elementor-element-7a0ed0f5\" data-id=\"7a0ed0f5\" data-element_type=\"column\" data-e-type=\"column\">\n\t\t\t<div class=\"elementor-widget-wrap elementor-element-populated\">\n\t\t\t\t\t\t<div class=\"elementor-element elementor-element-deafa9f elementor-widget elementor-widget-heading\" data-id=\"deafa9f\" data-element_type=\"widget\" data-e-type=\"widget\" data-widget_type=\"heading.default\">\n\t\t\t\t<div class=\"elementor-widget-container\">\n\t\t\t\t\t<h2 class=\"elementor-heading-title elementor-size-default\"><a href=\"https:\/\/vimeo.com\/178019450\">Inova\u00e7\u00e3o<\/a><\/h2>\t\t\t\t<\/div>\n\t\t\t\t<\/div>\n\t\t\t\t<div class=\"elementor-element elementor-element-4f05b28 elementor-widget elementor-widget-text-editor\" data-id=\"4f05b28\" data-element_type=\"widget\" data-e-type=\"widget\" data-widget_type=\"text-editor.default\">\n\t\t\t\t<div class=\"elementor-widget-container\">\n\t\t\t\t\t\t\t\t\t<p style=\"text-align: center;\">Criamos as condi\u00e7\u00f5es industriais para fornecer sempre a melhor qualidade aos nossos clientes.<\/p>\n\t\t\t\t\t\t\t\t<\/div>\n\t\t\t\t<\/div>\n\t\t\t\t<div class=\"elementor-element elementor-element-613c2fb elementor-widget__width-initial elementor-position-top elementor-widget elementor-widget-image-box\" data-id=\"613c2fb\" data-element_type=\"widget\" data-e-type=\"widget\" data-widget_type=\"image-box.default\">\n\t\t\t\t<div class=\"elementor-widget-container\">\n\t\t\t\t\t<div class=\"elementor-image-box-wrapper\"><figure class=\"elementor-image-box-img\"><img loading=\"lazy\" decoding=\"async\" width=\"500\" height=\"350\" src=\"https:\/\/bandex.ar\/wp-content\/uploads\/2022\/07\/San-luis.jpeg\" class=\"attachment-full size-full wp-image-5611\" alt=\"\" srcset=\"https:\/\/bandex.ar\/wp-content\/uploads\/2022\/07\/San-luis.jpeg 500w, https:\/\/bandex.ar\/wp-content\/uploads\/2022\/07\/San-luis-300x210.jpeg 300w\" sizes=\"auto, (max-width: 500px) 100vw, 500px\" \/><\/figure><div class=\"elementor-image-box-content\"><h3 class=\"elementor-image-box-title\">s\u00e3o Luis<\/h3><p class=\"elementor-image-box-description\"><b>ABERTURA:<\/b> 1995  <br>\n<b>LOCAL:<\/b> Prov. De Saint Louis, Argentina\n<br>\n<b>\u00c1REA:<\/b> 9.800 m2\n<br>\n<b>VOLUME DE PRODU\u00c7\u00c3O:<\/b> 400 toneladas\n<br>\n<b>MATERIAIS PROCESSADOS:<\/b> PSE\n<br><br>\nF\u00e1brica de embalagens de poliestireno expandido. Foi concebido sob o conceito de desenvolvimento sustent\u00e1vel e cuidado com o meio ambiente. Cada etapa do processo de produ\u00e7\u00e3o at\u00e9 seu armazenamento e distribui\u00e7\u00e3o \u00e9 submetida aos mais altos n\u00edveis de controle.<\/p><\/div><\/div>\t\t\t\t<\/div>\n\t\t\t\t<\/div>\n\t\t\t\t<div class=\"elementor-element elementor-element-452a776 elementor-widget__width-initial elementor-position-top elementor-widget elementor-widget-image-box\" data-id=\"452a776\" data-element_type=\"widget\" data-e-type=\"widget\" data-widget_type=\"image-box.default\">\n\t\t\t\t<div class=\"elementor-widget-container\">\n\t\t\t\t\t<div class=\"elementor-image-box-wrapper\"><figure class=\"elementor-image-box-img\"><img loading=\"lazy\" decoding=\"async\" width=\"500\" height=\"350\" src=\"https:\/\/bandex.ar\/wp-content\/uploads\/2022\/07\/Sarandi.jpeg\" class=\"attachment-full size-full wp-image-5613\" alt=\"\" srcset=\"https:\/\/bandex.ar\/wp-content\/uploads\/2022\/07\/Sarandi.jpeg 500w, https:\/\/bandex.ar\/wp-content\/uploads\/2022\/07\/Sarandi-300x210.jpeg 300w\" sizes=\"auto, (max-width: 500px) 100vw, 500px\" \/><\/figure><div class=\"elementor-image-box-content\"><h3 class=\"elementor-image-box-title\">sarandi<\/h3><p class=\"elementor-image-box-description\"><b>ABERTURA:<\/b> 1985 <br>\n\n<b>LOCAL:<\/b> Prov. De Buenos Aires, Argentina<br>\n\n<b>\u00c1REA:<\/b> 17.640 m2.<br>\n\n<b>PRODUZEM:<\/b> Recipientes para alimentos e Chapas e bobinas.<br>\n\n<b>VOLUME DE PRODU\u00c7\u00c3O:<\/b> 1000 toneladas<br>\n\n<b>MATERIAIS PROCESSADOS:<\/b> PET, PP e PSAI<br><br>\n\nF\u00e1brica de embalagens e chapas de PP, PET, PSAI e BOPS. As suas instala\u00e7\u00f5es pressurizadas disp\u00f5em da mais moderna tecnologia de extrus\u00e3o e termoforma\u00e7\u00e3o, bem como nas opera\u00e7\u00f5es complementares que permitem alcan\u00e7ar um elevado grau de automatiza\u00e7\u00e3o, tanto na rece\u00e7\u00e3o da mat\u00e9ria-prima como em todo o processo produtivo.<\/p><\/div><\/div>\t\t\t\t<\/div>\n\t\t\t\t<\/div>\n\t\t\t\t<div class=\"elementor-element elementor-element-be3604e elementor-widget elementor-widget-video\" data-id=\"be3604e\" data-element_type=\"widget\" data-e-type=\"widget\" data-settings=\"{&quot;youtube_url&quot;:&quot;https:\\\/\\\/www.youtube.com\\\/watch?v=pcoPBEnwW3I&amp;t=1s&quot;,&quot;video_type&quot;:&quot;youtube&quot;,&quot;controls&quot;:&quot;yes&quot;}\" data-widget_type=\"video.default\">\n\t\t\t\t<div class=\"elementor-widget-container\">\n\t\t\t\t\t\t\t<div class=\"elementor-wrapper elementor-open-inline\">\n\t\t\t<div class=\"elementor-video\"><\/div>\t\t<\/div>\n\t\t\t\t\t\t<\/div>\n\t\t\t\t<\/div>\n\t\t\t\t\t<\/div>\n\t\t<\/div>\n\t\t\t\t\t<\/div>\n\t\t<\/section>\n\t\t\t\t<\/div>\n\t\t","protected":false},"excerpt":{"rendered":"<p>Inova\u00e7\u00e3o Criamos as condi\u00e7\u00f5es industriais para fornecer sempre a melhor qualidade aos nossos clientes. s\u00e3o Luis ABERTURA: 1995 LOCAL: Prov. De Saint Louis, Argentina \u00c1REA: 9.800 m2 VOLUME DE PRODU\u00c7\u00c3O: 400 toneladas MATERIAIS PROCESSADOS: PSE F\u00e1brica de embalagens de poliestireno expandido. Foi concebido sob o conceito de desenvolvimento sustent\u00e1vel e cuidado com o meio ambiente. [&hellip;]<\/p>\n","protected":false},"author":1,"featured_media":7301,"parent":0,"menu_order":0,"comment_status":"closed","ping_status":"closed","template":"elementor_theme","meta":{"footnotes":""},"class_list":["post-7869","page","type-page","status-publish","has-post-thumbnail","hentry"],"aioseo_notices":[],"_links":{"self":[{"href":"https:\/\/bandex.ar\/pt-br\/wp-json\/wp\/v2\/pages\/7869","targetHints":{"allow":["GET"]}}],"collection":[{"href":"https:\/\/bandex.ar\/pt-br\/wp-json\/wp\/v2\/pages"}],"about":[{"href":"https:\/\/bandex.ar\/pt-br\/wp-json\/wp\/v2\/types\/page"}],"author":[{"embeddable":true,"href":"https:\/\/bandex.ar\/pt-br\/wp-json\/wp\/v2\/users\/1"}],"replies":[{"embeddable":true,"href":"https:\/\/bandex.ar\/pt-br\/wp-json\/wp\/v2\/comments?post=7869"}],"version-history":[{"count":3,"href":"https:\/\/bandex.ar\/pt-br\/wp-json\/wp\/v2\/pages\/7869\/revisions"}],"predecessor-version":[{"id":8929,"href":"https:\/\/bandex.ar\/pt-br\/wp-json\/wp\/v2\/pages\/7869\/revisions\/8929"}],"wp:featuredmedia":[{"embeddable":true,"href":"https:\/\/bandex.ar\/pt-br\/wp-json\/wp\/v2\/media\/7301"}],"wp:attachment":[{"href":"https:\/\/bandex.ar\/pt-br\/wp-json\/wp\/v2\/media?parent=7869"}],"curies":[{"name":"wp","href":"https:\/\/api.w.org\/{rel}","templated":true}]}}