{"id":7907,"date":"2023-06-02T11:50:41","date_gmt":"2023-06-02T14:50:41","guid":{"rendered":"https:\/\/bandex.ar\/sustentabilidade\/"},"modified":"2023-12-01T15:32:39","modified_gmt":"2023-12-01T18:32:39","slug":"sustentabilidade","status":"publish","type":"page","link":"https:\/\/bandex.ar\/pt-br\/sustentabilidade\/","title":{"rendered":"Sustentabilidade"},"content":{"rendered":"\t\t<div data-elementor-type=\"wp-page\" data-elementor-id=\"7907\" class=\"elementor elementor-7907 elementor-5456\" data-elementor-post-type=\"page\">\n\t\t\t\t\t\t<section class=\"elementor-section elementor-top-section elementor-element elementor-element-39f5ddf5 elementor-section-boxed elementor-section-height-default elementor-section-height-default\" data-id=\"39f5ddf5\" data-element_type=\"section\" data-e-type=\"section\">\n\t\t\t\t\t\t<div class=\"elementor-container elementor-column-gap-default\">\n\t\t\t\t\t<div class=\"elementor-column elementor-col-100 elementor-top-column elementor-element elementor-element-7c95f75d\" data-id=\"7c95f75d\" data-element_type=\"column\" data-e-type=\"column\">\n\t\t\t<div class=\"elementor-widget-wrap elementor-element-populated\">\n\t\t\t\t\t\t<div class=\"elementor-element elementor-element-5f5ec85a elementor-widget__width-initial elementor-invisible elementor-widget elementor-widget-text-editor\" data-id=\"5f5ec85a\" data-element_type=\"widget\" data-e-type=\"widget\" data-settings=\"{&quot;_animation&quot;:&quot;fadeIn&quot;,&quot;_animation_delay&quot;:200}\" data-widget_type=\"text-editor.default\">\n\t\t\t\t<div class=\"elementor-widget-container\">\n\t\t\t\t\t\t\t\t\t<p>Alinhados \u00e0 Miss\u00e3o, Vis\u00e3o, Objetivo e Valores de nossa Empresa, trabalhamos juntos para promover a inova\u00e7\u00e3o e o desenvolvimento sustent\u00e1vel, conscientizando sobre o cuidado com o meio ambiente, com foco em quatro eixos centrais<\/p>\t\t\t\t\t\t\t\t<\/div>\n\t\t\t\t<\/div>\n\t\t\t\t<div class=\"elementor-element elementor-element-61c4c11 elementor-widget__width-initial elementor-invisible elementor-widget elementor-widget-text-editor\" data-id=\"61c4c11\" data-element_type=\"widget\" data-e-type=\"widget\" data-settings=\"{&quot;_animation&quot;:&quot;fadeIn&quot;,&quot;_animation_delay&quot;:200}\" data-widget_type=\"text-editor.default\">\n\t\t\t\t<div class=\"elementor-widget-container\">\n\t\t\t\t\t\t\t\t\t<h2 style=\"color: #00539b; font-weight: 400;\">DESIGN<\/h2>\nO design sustent\u00e1vel permite reduzir os volumes de produtos processados \u200b\u200be descartados, bem como o impacto ambiental do produto ao longo de seu ciclo de vida. Como? Atrav\u00e9s de uma escolha adequada de mat\u00e9rias-primas, com procedimentos e controles rigorosos durante a produ\u00e7\u00e3o, armazenamento e distribui\u00e7\u00e3o e sempre considerando seu uso, para chegar ao final de seu ciclo aproveitando seu valor ao m\u00e1ximo\t\t\t\t\t\t\t\t<\/div>\n\t\t\t\t<\/div>\n\t\t\t\t\t<\/div>\n\t\t<\/div>\n\t\t\t\t\t<\/div>\n\t\t<\/section>\n\t\t\t\t<section class=\"elementor-section elementor-top-section elementor-element elementor-element-d552ed6 elementor-section-boxed elementor-section-height-default elementor-section-height-default\" data-id=\"d552ed6\" data-element_type=\"section\" data-e-type=\"section\">\n\t\t\t\t\t\t<div class=\"elementor-container elementor-column-gap-default\">\n\t\t\t\t\t<div class=\"elementor-column elementor-col-100 elementor-top-column elementor-element elementor-element-4584662\" data-id=\"4584662\" data-element_type=\"column\" data-e-type=\"column\">\n\t\t\t<div class=\"elementor-widget-wrap elementor-element-populated\">\n\t\t\t\t\t\t<div class=\"elementor-element elementor-element-65b8efe elementor-invisible elementor-widget elementor-widget-image\" data-id=\"65b8efe\" data-element_type=\"widget\" data-e-type=\"widget\" data-settings=\"{&quot;_animation&quot;:&quot;zoomIn&quot;}\" data-widget_type=\"image.default\">\n\t\t\t\t<div class=\"elementor-widget-container\">\n\t\t\t\t\t\t\t\t\t\t\t\t\t\t\t<img loading=\"lazy\" decoding=\"async\" width=\"800\" height=\"338\" src=\"https:\/\/bandex.ar\/wp-content\/uploads\/2022\/07\/medio-ambiente-1024x432.jpg\" class=\"attachment-large size-large wp-image-5648\" alt=\"\" srcset=\"https:\/\/bandex.ar\/wp-content\/uploads\/2022\/07\/medio-ambiente-1024x432.jpg 1024w, https:\/\/bandex.ar\/wp-content\/uploads\/2022\/07\/medio-ambiente-300x127.jpg 300w, https:\/\/bandex.ar\/wp-content\/uploads\/2022\/07\/medio-ambiente-768x324.jpg 768w, https:\/\/bandex.ar\/wp-content\/uploads\/2022\/07\/medio-ambiente-1536x648.jpg 1536w, https:\/\/bandex.ar\/wp-content\/uploads\/2022\/07\/medio-ambiente-2048x864.jpg 2048w, https:\/\/bandex.ar\/wp-content\/uploads\/2022\/07\/medio-ambiente-600x253.jpg 600w\" sizes=\"auto, (max-width: 800px) 100vw, 800px\" \/>\t\t\t\t\t\t\t\t\t\t\t\t\t\t\t<\/div>\n\t\t\t\t<\/div>\n\t\t\t\t\t<\/div>\n\t\t<\/div>\n\t\t\t\t\t<\/div>\n\t\t<\/section>\n\t\t\t\t<section class=\"elementor-section elementor-top-section elementor-element elementor-element-6c6a96f elementor-section-boxed elementor-section-height-default elementor-section-height-default\" data-id=\"6c6a96f\" data-element_type=\"section\" data-e-type=\"section\">\n\t\t\t\t\t\t<div class=\"elementor-container elementor-column-gap-default\">\n\t\t\t\t\t<div class=\"elementor-column elementor-col-100 elementor-top-column elementor-element elementor-element-c93fc12\" data-id=\"c93fc12\" data-element_type=\"column\" data-e-type=\"column\">\n\t\t\t<div class=\"elementor-widget-wrap elementor-element-populated\">\n\t\t\t\t\t\t<div class=\"elementor-element elementor-element-d3ed1c7 elementor-widget__width-initial elementor-invisible elementor-widget elementor-widget-text-editor\" data-id=\"d3ed1c7\" data-element_type=\"widget\" data-e-type=\"widget\" data-settings=\"{&quot;_animation&quot;:&quot;fadeIn&quot;,&quot;_animation_delay&quot;:200}\" data-widget_type=\"text-editor.default\">\n\t\t\t\t<div class=\"elementor-widget-container\">\n\t\t\t\t\t\t\t\t\t<h2 style=\"color: #00539b; font-weight: 400;\">RECICLAGEM<\/h2>\nA Bandex utiliza material PCR, ou seja, mat\u00e9ria-prima obtida atrav\u00e9s da reciclagem de pl\u00e1sticos p\u00f3s-consumo (dom\u00e9sticos, industriais, comerciais e agr\u00edcolas), que atrav\u00e9s de um processo de limpeza e descontamina\u00e7\u00e3o permite sua convers\u00e3o em mat\u00e9ria-prima adequada para contato com alimentos. Este material \u00e9 usado para produzir novos produtos de uso final. Todos os anos reaproveitamos o equivalente a 100.000.000 unidades de garrafas, dando continuidade ao ciclo de vida do pl\u00e1stico, garantindo uma menor absor\u00e7\u00e3o de carbono e economia de energia compat\u00edvel com nosso objetivo de cuidar do meio ambiente, sem modificar nossos padr\u00f5es de qualidade.\t\t\t\t\t\t\t\t<\/div>\n\t\t\t\t<\/div>\n\t\t\t\t<div class=\"elementor-element elementor-element-9b00c2b elementor-widget__width-initial elementor-widget elementor-widget-image\" data-id=\"9b00c2b\" data-element_type=\"widget\" data-e-type=\"widget\" data-widget_type=\"image.default\">\n\t\t\t\t<div class=\"elementor-widget-container\">\n\t\t\t\t\t\t\t\t\t\t\t\t\t\t\t<img loading=\"lazy\" decoding=\"async\" width=\"800\" height=\"959\" src=\"https:\/\/bandex.ar\/wp-content\/uploads\/2022\/07\/08_banner_reciclado_50cm-x60cm_curvas-01-854x1024.jpg\" class=\"attachment-large size-large wp-image-5637\" alt=\"\" srcset=\"https:\/\/bandex.ar\/wp-content\/uploads\/2022\/07\/08_banner_reciclado_50cm-x60cm_curvas-01-854x1024.jpg 854w, https:\/\/bandex.ar\/wp-content\/uploads\/2022\/07\/08_banner_reciclado_50cm-x60cm_curvas-01-250x300.jpg 250w, https:\/\/bandex.ar\/wp-content\/uploads\/2022\/07\/08_banner_reciclado_50cm-x60cm_curvas-01-768x921.jpg 768w, https:\/\/bandex.ar\/wp-content\/uploads\/2022\/07\/08_banner_reciclado_50cm-x60cm_curvas-01-1280x1536.jpg 1280w, https:\/\/bandex.ar\/wp-content\/uploads\/2022\/07\/08_banner_reciclado_50cm-x60cm_curvas-01-600x720.jpg 600w, https:\/\/bandex.ar\/wp-content\/uploads\/2022\/07\/08_banner_reciclado_50cm-x60cm_curvas-01.jpg 1418w\" sizes=\"auto, (max-width: 800px) 100vw, 800px\" \/>\t\t\t\t\t\t\t\t\t\t\t\t\t\t\t<\/div>\n\t\t\t\t<\/div>\n\t\t\t\t<div class=\"elementor-element elementor-element-34f3934 elementor-widget__width-initial elementor-widget elementor-widget-image\" data-id=\"34f3934\" data-element_type=\"widget\" data-e-type=\"widget\" data-widget_type=\"image.default\">\n\t\t\t\t<div class=\"elementor-widget-container\">\n\t\t\t\t\t\t\t\t\t\t\t\t\t\t\t<img loading=\"lazy\" decoding=\"async\" width=\"800\" height=\"959\" src=\"https:\/\/bandex.ar\/wp-content\/uploads\/2022\/07\/reciclado-1-854x1024.jpg\" class=\"attachment-large size-large wp-image-5663\" alt=\"\" srcset=\"https:\/\/bandex.ar\/wp-content\/uploads\/2022\/07\/reciclado-1-854x1024.jpg 854w, https:\/\/bandex.ar\/wp-content\/uploads\/2022\/07\/reciclado-1-250x300.jpg 250w, https:\/\/bandex.ar\/wp-content\/uploads\/2022\/07\/reciclado-1-768x921.jpg 768w, https:\/\/bandex.ar\/wp-content\/uploads\/2022\/07\/reciclado-1-1280x1536.jpg 1280w, https:\/\/bandex.ar\/wp-content\/uploads\/2022\/07\/reciclado-1-600x720.jpg 600w, https:\/\/bandex.ar\/wp-content\/uploads\/2022\/07\/reciclado-1.jpg 1418w\" sizes=\"auto, (max-width: 800px) 100vw, 800px\" \/>\t\t\t\t\t\t\t\t\t\t\t\t\t\t\t<\/div>\n\t\t\t\t<\/div>\n\t\t\t\t<div class=\"elementor-element elementor-element-d3864cf elementor-widget__width-initial elementor-widget elementor-widget-image\" data-id=\"d3864cf\" data-element_type=\"widget\" data-e-type=\"widget\" data-widget_type=\"image.default\">\n\t\t\t\t<div class=\"elementor-widget-container\">\n\t\t\t\t\t\t\t\t\t\t\t\t\t\t\t<img loading=\"lazy\" decoding=\"async\" width=\"800\" height=\"959\" src=\"https:\/\/bandex.ar\/wp-content\/uploads\/2022\/07\/pet-reciclado-2-854x1024.jpg\" class=\"attachment-large size-large wp-image-5665\" alt=\"\" srcset=\"https:\/\/bandex.ar\/wp-content\/uploads\/2022\/07\/pet-reciclado-2-854x1024.jpg 854w, https:\/\/bandex.ar\/wp-content\/uploads\/2022\/07\/pet-reciclado-2-250x300.jpg 250w, https:\/\/bandex.ar\/wp-content\/uploads\/2022\/07\/pet-reciclado-2-768x921.jpg 768w, https:\/\/bandex.ar\/wp-content\/uploads\/2022\/07\/pet-reciclado-2-1280x1536.jpg 1280w, https:\/\/bandex.ar\/wp-content\/uploads\/2022\/07\/pet-reciclado-2-600x720.jpg 600w, https:\/\/bandex.ar\/wp-content\/uploads\/2022\/07\/pet-reciclado-2.jpg 1418w\" sizes=\"auto, (max-width: 800px) 100vw, 800px\" \/>\t\t\t\t\t\t\t\t\t\t\t\t\t\t\t<\/div>\n\t\t\t\t<\/div>\n\t\t\t\t<div class=\"elementor-element elementor-element-eb3e0e1 elementor-widget__width-initial elementor-invisible elementor-widget elementor-widget-text-editor\" data-id=\"eb3e0e1\" data-element_type=\"widget\" data-e-type=\"widget\" data-settings=\"{&quot;_animation&quot;:&quot;fadeIn&quot;,&quot;_animation_delay&quot;:200}\" data-widget_type=\"text-editor.default\">\n\t\t\t\t<div class=\"elementor-widget-container\">\n\t\t\t\t\t\t\t\t\t<h2 style=\"color: #00539b; font-weight: 400;\">PARCERIA<\/h2>\nN\u00e3o apenas utilizamos mat\u00e9ria-prima reciclada, mas tamb\u00e9m trabalhamos para aumentar a reciclagem de nossos produtos. Acreditamos que trabalhar em parceria \u00e9 a melhor forma de criar solu\u00e7\u00f5es sustent\u00e1veis, por isso, fazemos parte da Ecoplas e do plano de reciclagem &#8220;BA recicla&#8221;\t\t\t\t\t\t\t\t<\/div>\n\t\t\t\t<\/div>\n\t\t\t\t<div class=\"elementor-element elementor-element-26f5163 elementor-widget__width-initial elementor-position-top elementor-widget elementor-widget-image-box\" data-id=\"26f5163\" data-element_type=\"widget\" data-e-type=\"widget\" data-widget_type=\"image-box.default\">\n\t\t\t\t<div class=\"elementor-widget-container\">\n\t\t\t\t\t<div class=\"elementor-image-box-wrapper\"><figure class=\"elementor-image-box-img\"><a href=\"https:\/\/ecoplas.org.ar\/site2020\/wp-content\/uploads\/2021\/05\/Libro-digital-Manual-Economia-Circular-OK.pdf\" target=\"_blank\" rel=\"nofollow\" tabindex=\"-1\"><img loading=\"lazy\" decoding=\"async\" width=\"387\" height=\"120\" src=\"https:\/\/bandex.ar\/wp-content\/uploads\/2022\/07\/logo-ecoplas.jpeg\" class=\"attachment-full size-full wp-image-5625\" alt=\"\" srcset=\"https:\/\/bandex.ar\/wp-content\/uploads\/2022\/07\/logo-ecoplas.jpeg 387w, https:\/\/bandex.ar\/wp-content\/uploads\/2022\/07\/logo-ecoplas-300x93.jpeg 300w\" sizes=\"auto, (max-width: 387px) 100vw, 387px\" \/><\/a><\/figure><div class=\"elementor-image-box-content\"><p class=\"elementor-image-box-description\">\u00c9 uma associa\u00e7\u00e3o civil sem fins lucrativos especializada em pl\u00e1sticos e meio ambiente<\/p><\/div><\/div>\t\t\t\t<\/div>\n\t\t\t\t<\/div>\n\t\t\t\t<div class=\"elementor-element elementor-element-8236049 elementor-widget__width-initial elementor-position-top elementor-widget elementor-widget-image-box\" data-id=\"8236049\" data-element_type=\"widget\" data-e-type=\"widget\" data-widget_type=\"image-box.default\">\n\t\t\t\t<div class=\"elementor-widget-container\">\n\t\t\t\t\t<div class=\"elementor-image-box-wrapper\"><figure class=\"elementor-image-box-img\"><a href=\"https:\/\/ciudadverde.gob.ar\/\" tabindex=\"-1\"><img loading=\"lazy\" decoding=\"async\" width=\"387\" height=\"120\" src=\"https:\/\/bandex.ar\/wp-content\/uploads\/2022\/07\/logo-ba.jpg\" class=\"attachment-full size-full wp-image-5677\" alt=\"\" srcset=\"https:\/\/bandex.ar\/wp-content\/uploads\/2022\/07\/logo-ba.jpg 387w, https:\/\/bandex.ar\/wp-content\/uploads\/2022\/07\/logo-ba-300x93.jpg 300w\" sizes=\"auto, (max-width: 387px) 100vw, 387px\" \/><\/a><\/figure><div class=\"elementor-image-box-content\"><p class=\"elementor-image-box-description\">Plano da Cidade de Buenos Aires que visa fortalecer o sistema de reciclagem por meio do envolvimento de todos os atores que moram nela ou tem influ\u00eancia.<\/p><\/div><\/div>\t\t\t\t<\/div>\n\t\t\t\t<\/div>\n\t\t\t\t<div class=\"elementor-element elementor-element-cf6d151 elementor-widget__width-initial elementor-invisible elementor-widget elementor-widget-text-editor\" data-id=\"cf6d151\" data-element_type=\"widget\" data-e-type=\"widget\" data-settings=\"{&quot;_animation&quot;:&quot;fadeIn&quot;,&quot;_animation_delay&quot;:200}\" data-widget_type=\"text-editor.default\">\n\t\t\t\t<div class=\"elementor-widget-container\">\n\t\t\t\t\t\t\t\t\t<h2 style=\"color: #00539b; font-weight: 400;\">INOVA\u00c7\u00c3O<\/h2>\nSempre no caminho da inova\u00e7\u00e3o, acompanhamos e envolvemo-nos com todas as iniciativas que visam abater ou reduzir o impacto ambiental, explorando solu\u00e7\u00f5es em materiais de base biol\u00f3gica, biodegrad\u00e1veis \u200b\u200be compost\u00e1veis.\t\t\t\t\t\t\t\t<\/div>\n\t\t\t\t<\/div>\n\t\t\t\t\t<\/div>\n\t\t<\/div>\n\t\t\t\t\t<\/div>\n\t\t<\/section>\n\t\t\t\t<\/div>\n\t\t","protected":false},"excerpt":{"rendered":"<p>Alinhados \u00e0 Miss\u00e3o, Vis\u00e3o, Objetivo e Valores de nossa Empresa, trabalhamos juntos para promover a inova\u00e7\u00e3o e o desenvolvimento sustent\u00e1vel, conscientizando sobre o cuidado com o meio ambiente, com foco em quatro eixos centrais DESIGN O design sustent\u00e1vel permite reduzir os volumes de produtos processados \u200b\u200be descartados, bem como o impacto ambiental do produto ao [&hellip;]<\/p>\n","protected":false},"author":1,"featured_media":7926,"parent":0,"menu_order":0,"comment_status":"closed","ping_status":"closed","template":"elementor_theme","meta":{"footnotes":""},"class_list":["post-7907","page","type-page","status-publish","has-post-thumbnail","hentry"],"aioseo_notices":[],"_links":{"self":[{"href":"https:\/\/bandex.ar\/pt-br\/wp-json\/wp\/v2\/pages\/7907","targetHints":{"allow":["GET"]}}],"collection":[{"href":"https:\/\/bandex.ar\/pt-br\/wp-json\/wp\/v2\/pages"}],"about":[{"href":"https:\/\/bandex.ar\/pt-br\/wp-json\/wp\/v2\/types\/page"}],"author":[{"embeddable":true,"href":"https:\/\/bandex.ar\/pt-br\/wp-json\/wp\/v2\/users\/1"}],"replies":[{"embeddable":true,"href":"https:\/\/bandex.ar\/pt-br\/wp-json\/wp\/v2\/comments?post=7907"}],"version-history":[{"count":3,"href":"https:\/\/bandex.ar\/pt-br\/wp-json\/wp\/v2\/pages\/7907\/revisions"}],"predecessor-version":[{"id":10258,"href":"https:\/\/bandex.ar\/pt-br\/wp-json\/wp\/v2\/pages\/7907\/revisions\/10258"}],"wp:featuredmedia":[{"embeddable":true,"href":"https:\/\/bandex.ar\/pt-br\/wp-json\/wp\/v2\/media\/7926"}],"wp:attachment":[{"href":"https:\/\/bandex.ar\/pt-br\/wp-json\/wp\/v2\/media?parent=7907"}],"curies":[{"name":"wp","href":"https:\/\/api.w.org\/{rel}","templated":true}]}}