{"id":7934,"date":"2023-06-02T11:50:45","date_gmt":"2023-06-02T14:50:45","guid":{"rendered":"https:\/\/bandex.ar\/politica-de-privacidade\/"},"modified":"2023-06-02T11:50:47","modified_gmt":"2023-06-02T14:50:47","slug":"politica-de-privacidade","status":"publish","type":"page","link":"https:\/\/bandex.ar\/pt-br\/politica-de-privacidade\/","title":{"rendered":"Pol\u00edtica de privacidade"},"content":{"rendered":"\t\t<div data-elementor-type=\"wp-page\" data-elementor-id=\"7934\" class=\"elementor elementor-7934 elementor-4962\" data-elementor-post-type=\"page\">\n\t\t\t\t\t\t<section class=\"elementor-section elementor-top-section elementor-element elementor-element-ebf694b elementor-section-boxed elementor-section-height-default elementor-section-height-default\" data-id=\"ebf694b\" data-element_type=\"section\" data-e-type=\"section\">\n\t\t\t\t\t\t<div class=\"elementor-container elementor-column-gap-default\">\n\t\t\t\t\t<div class=\"elementor-column elementor-col-100 elementor-top-column elementor-element elementor-element-eaf5971\" data-id=\"eaf5971\" data-element_type=\"column\" data-e-type=\"column\">\n\t\t\t<div class=\"elementor-widget-wrap elementor-element-populated\">\n\t\t\t\t\t\t<div class=\"elementor-element elementor-element-1ccace3 elementor-widget elementor-widget-text-editor\" data-id=\"1ccace3\" data-element_type=\"widget\" data-e-type=\"widget\" data-widget_type=\"text-editor.default\">\n\t\t\t\t<div class=\"elementor-widget-container\">\n\t\t\t\t\t\t\t\t\t<h2 style=\"color: #00539b; font-weight: 400;\">Pol\u00edtica <strong>de Privacidade<\/strong><\/h2>\n<p>Esta Pol\u00edtica de Privacidade estabelece os termos em que a BANDEX SA usa e protege as informa\u00e7\u00f5es que s\u00e3o fornecidas por seus usu\u00e1rios ao usar seu site. Esta empresa est\u00e1 comprometida com a seguran\u00e7a dos dados de seus usu\u00e1rios. Quando pedimos que preencha os campos de dados pessoais com os quais possa ser identificado, fazemos-no assegurando que os mesmos ser\u00e3o apenas utilizados de acordo com os termos deste documento. No entanto, esta Pol\u00edtica de Privacidade pode mudar com o tempo ou ser atualizada, por isso recomendamos e enfatizamos que voc\u00ea revise continuamente esta p\u00e1gina para garantir que concorda com tais altera\u00e7\u00f5es.<\/p>\n<p><strong>Informa\u00e7\u00f5es que s\u00e3o coletadas<\/strong><\/p>\n<p>Nosso site pode coletar informa\u00e7\u00f5es pessoais como: Nome, informa\u00e7\u00f5es de contato, como seu endere\u00e7o de e-mail e informa\u00e7\u00f5es demogr\u00e1ficas. Da mesma forma, quando necess\u00e1rio, informa\u00e7\u00f5es espec\u00edficas podem ser solicitadas para processar qualquer solicita\u00e7\u00e3o.<\/p>\n<p><strong>Uso das informa\u00e7\u00f5es coletadas<\/strong><\/p>\n<p>Nosso site usa as informa\u00e7\u00f5es para fornecer o melhor servi\u00e7o poss\u00edvel, principalmente para manter um registro de usu\u00e1rios e melhorar nossos produtos e servi\u00e7os. Es posible que sean enviados correos electr\u00f3nicos peri\u00f3dicamente a trav\u00e9s de nuestro sitio con ofertas especiales, nuevos productos y otra informaci\u00f3n publicitaria que consideremos relevante para usted o que pueda brindarle alg\u00fan beneficio, estos correos electr\u00f3nicos ser\u00e1n enviados a la direcci\u00f3n que usted proporcione y podr\u00e1n ser cancelados em qualquer momento.<\/p>\n<p>A BANDEX SA est\u00e1 altamente empenhada em cumprir o compromisso de manter suas informa\u00e7\u00f5es seguras. Utilizamos os sistemas mais avan\u00e7ados e os atualizamos constantemente para garantir que n\u00e3o haja acesso n\u00e3o autorizado.<\/p>\n<p><strong>biscoitos<\/strong><\/p>\n<p>Um cookie refere-se a um arquivo que \u00e9 enviado com a finalidade de solicitar permiss\u00e3o para ser armazenado em seu computador, ao aceitar o referido arquivo, ele \u00e9 criado e o cookie \u00e9 usado para obter informa\u00e7\u00f5es sobre o tr\u00e1fego da web, al\u00e9m de facilitar futuras visitas a um site .recorrente. Outra fun\u00e7\u00e3o que os cookies t\u00eam \u00e9 que, com eles, a web pode reconhec\u00ea-lo individualmente e, portanto, fornecer o melhor servi\u00e7o personalizado em seu site.<\/p>\n<p>O nosso website utiliza cookies para poder identificar as p\u00e1ginas que s\u00e3o visitadas e a sua frequ\u00eancia. Essas informa\u00e7\u00f5es s\u00e3o usadas apenas para an\u00e1lise estat\u00edstica e, em seguida, as informa\u00e7\u00f5es s\u00e3o exclu\u00eddas permanentemente. Voc\u00ea pode excluir cookies a qualquer momento do seu computador. No entanto, os cookies ajudam a fornecer um servi\u00e7o melhor para os sites, voc\u00ea n\u00e3o d\u00e1 acesso a informa\u00e7\u00f5es do seu computador ou de voc\u00ea, a menos que voc\u00ea queira e as forne\u00e7a diretamente. Voc\u00ea pode aceitar ou negar o uso de cookies, no entanto, a maioria dos navegadores aceita cookies automaticamente, pois serve para ter um melhor servi\u00e7o na web. Voc\u00ea tamb\u00e9m pode alterar as configura\u00e7\u00f5es do seu computador para recusar cookies. Se eles forem recusados, talvez voc\u00ea n\u00e3o consiga usar alguns de nossos servi\u00e7os.<\/p>\n<p><strong>Links para Terceiros<\/strong><\/p>\n<p>Este site pode conter links para outros sites que podem ser de seu interesse. Depois de clicar nesses links e sair de nossa p\u00e1gina, n\u00e3o temos mais controle sobre o site para o qual voc\u00ea \u00e9 redirecionado e, portanto, n\u00e3o somos respons\u00e1veis pelos termos ou privacidade ou prote\u00e7\u00e3o de dados desses outros sites de terceiros. Esses sites est\u00e3o sujeitos \u00e0s suas pr\u00f3prias pol\u00edticas de privacidade, por isso \u00e9 recomend\u00e1vel que voc\u00ea os consulte para confirmar que concorda com eles.<\/p>\n<p><strong>Controle de suas informa\u00e7\u00f5es pessoais<\/strong><\/p>\n<p>A qualquer momento, voc\u00ea pode restringir a coleta ou o uso de informa\u00e7\u00f5es pessoais fornecidas ao nosso site. Sempre que for solicitado a preencher um formul\u00e1rio, como o formul\u00e1rio de contato, voc\u00ea pode marcar ou desmarcar a op\u00e7\u00e3o de receber informa\u00e7\u00f5es por e-mail. Se voc\u00ea marcou a op\u00e7\u00e3o de receber nosso boletim informativo ou publicidade, pode cancel\u00e1-la a qualquer momento escrevendo para ventas@bandex.com.ar.<\/p>\n<p>Esta empresa n\u00e3o vender\u00e1, ceder\u00e1 ou distribuir\u00e1 as informa\u00e7\u00f5es pessoais coletadas sem o seu consentimento, a menos que exigido por um juiz com ordem judicial.<\/p>\n<p>A BANDEX SA reserva-se o direito de alterar os termos desta Pol\u00edtica de Privacidade a qualquer momento.<\/p>\n\t\t\t\t\t\t\t\t<\/div>\n\t\t\t\t<\/div>\n\t\t\t\t\t<\/div>\n\t\t<\/div>\n\t\t\t\t\t<\/div>\n\t\t<\/section>\n\t\t\t\t<\/div>\n\t\t","protected":false},"excerpt":{"rendered":"<p>Pol\u00edtica de Privacidade Esta Pol\u00edtica de Privacidade estabelece os termos em que a BANDEX SA usa e protege as informa\u00e7\u00f5es que s\u00e3o fornecidas por seus usu\u00e1rios ao usar seu site. Esta empresa est\u00e1 comprometida com a seguran\u00e7a dos dados de seus usu\u00e1rios. Quando pedimos que preencha os campos de dados pessoais com os quais possa [&hellip;]<\/p>\n","protected":false},"author":1,"featured_media":0,"parent":0,"menu_order":0,"comment_status":"closed","ping_status":"closed","template":"","meta":{"footnotes":""},"class_list":["post-7934","page","type-page","status-publish","hentry"],"aioseo_notices":[],"_links":{"self":[{"href":"https:\/\/bandex.ar\/pt-br\/wp-json\/wp\/v2\/pages\/7934","targetHints":{"allow":["GET"]}}],"collection":[{"href":"https:\/\/bandex.ar\/pt-br\/wp-json\/wp\/v2\/pages"}],"about":[{"href":"https:\/\/bandex.ar\/pt-br\/wp-json\/wp\/v2\/types\/page"}],"author":[{"embeddable":true,"href":"https:\/\/bandex.ar\/pt-br\/wp-json\/wp\/v2\/users\/1"}],"replies":[{"embeddable":true,"href":"https:\/\/bandex.ar\/pt-br\/wp-json\/wp\/v2\/comments?post=7934"}],"version-history":[{"count":1,"href":"https:\/\/bandex.ar\/pt-br\/wp-json\/wp\/v2\/pages\/7934\/revisions"}],"predecessor-version":[{"id":7941,"href":"https:\/\/bandex.ar\/pt-br\/wp-json\/wp\/v2\/pages\/7934\/revisions\/7941"}],"wp:attachment":[{"href":"https:\/\/bandex.ar\/pt-br\/wp-json\/wp\/v2\/media?parent=7934"}],"curies":[{"name":"wp","href":"https:\/\/api.w.org\/{rel}","templated":true}]}}