{"id":8144,"date":"2023-06-02T11:53:11","date_gmt":"2023-06-02T14:53:11","guid":{"rendered":"https:\/\/bandex.ar\/brochuras\/"},"modified":"2025-10-15T07:47:32","modified_gmt":"2025-10-15T10:47:32","slug":"folhetos","status":"publish","type":"page","link":"https:\/\/bandex.ar\/pt-br\/folhetos\/","title":{"rendered":"Folhetos"},"content":{"rendered":"\t\t<div data-elementor-type=\"wp-page\" data-elementor-id=\"8144\" class=\"elementor elementor-8144 elementor-4335\" data-elementor-post-type=\"page\">\n\t\t\t\t\t\t<section class=\"elementor-section elementor-top-section elementor-element elementor-element-4a0ec427 elementor-section-boxed elementor-section-height-default elementor-section-height-default\" data-id=\"4a0ec427\" data-element_type=\"section\" data-e-type=\"section\">\n\t\t\t\t\t\t<div class=\"elementor-container elementor-column-gap-default\">\n\t\t\t\t\t<div class=\"elementor-column elementor-col-100 elementor-top-column elementor-element elementor-element-38e807f7\" data-id=\"38e807f7\" data-element_type=\"column\" data-e-type=\"column\">\n\t\t\t<div class=\"elementor-widget-wrap elementor-element-populated\">\n\t\t\t\t\t\t<div class=\"elementor-element elementor-element-2a15e6d6 elementor-widget elementor-widget-heading\" data-id=\"2a15e6d6\" data-element_type=\"widget\" data-e-type=\"widget\" data-widget_type=\"heading.default\">\n\t\t\t\t<div class=\"elementor-widget-container\">\n\t\t\t\t\t<h3 class=\"elementor-heading-title elementor-size-default\">PRODUTOS <b>BANDEX<\/b><\/h3>\t\t\t\t<\/div>\n\t\t\t\t<\/div>\n\t\t\t\t<div class=\"elementor-element elementor-element-5437b2e1 elementor-widget elementor-widget-text-editor\" data-id=\"5437b2e1\" data-element_type=\"widget\" data-e-type=\"widget\" data-widget_type=\"text-editor.default\">\n\t\t\t\t<div class=\"elementor-widget-container\">\n\t\t\t\t\t\t\t\t\t<p>Baixe nossos folhetos e conhe\u00e7a todos os produtos que a Bandex tem para oferecer. Conhe\u00e7a nossas linhas feitas com os mais altos padr\u00f5es de qualidade<\/p>\t\t\t\t\t\t\t\t<\/div>\n\t\t\t\t<\/div>\n\t\t\t\t\t<\/div>\n\t\t<\/div>\n\t\t\t\t\t<\/div>\n\t\t<\/section>\n\t\t\t\t<section class=\"elementor-section elementor-top-section elementor-element elementor-element-6412e68 elementor-section-boxed elementor-section-height-default elementor-section-height-default\" data-id=\"6412e68\" data-element_type=\"section\" data-e-type=\"section\">\n\t\t\t\t\t\t<div class=\"elementor-container elementor-column-gap-default\">\n\t\t\t\t\t<div class=\"elementor-column elementor-col-100 elementor-top-column elementor-element elementor-element-4e4d57a\" data-id=\"4e4d57a\" data-element_type=\"column\" data-e-type=\"column\">\n\t\t\t<div class=\"elementor-widget-wrap elementor-element-populated\">\n\t\t\t\t\t\t<div class=\"elementor-element elementor-element-9723277 elementor-widget__width-initial elementor-position-top elementor-widget elementor-widget-image-box\" data-id=\"9723277\" data-element_type=\"widget\" data-e-type=\"widget\" data-widget_type=\"image-box.default\">\n\t\t\t\t<div class=\"elementor-widget-container\">\n\t\t\t\t\t<div class=\"elementor-image-box-wrapper\"><figure class=\"elementor-image-box-img\"><a href=\"https:\/\/bandex.ar\/wp-content\/uploads\/2025\/08\/folleto-rigido-2025d.pdf\" target=\"_blank\" tabindex=\"-1\"><img loading=\"lazy\" decoding=\"async\" width=\"1810\" height=\"2560\" src=\"https:\/\/bandex.ar\/wp-content\/uploads\/2023\/10\/Folleto-soluciones-en-packaging.jpg\" class=\"attachment-full size-full wp-image-9710\" alt=\"Soluciones en packaging\" srcset=\"https:\/\/bandex.ar\/wp-content\/uploads\/2023\/10\/Folleto-soluciones-en-packaging.jpg 1810w, https:\/\/bandex.ar\/wp-content\/uploads\/2023\/10\/Folleto-soluciones-en-packaging-212x300.jpg 212w, https:\/\/bandex.ar\/wp-content\/uploads\/2023\/10\/Folleto-soluciones-en-packaging-724x1024.jpg 724w, https:\/\/bandex.ar\/wp-content\/uploads\/2023\/10\/Folleto-soluciones-en-packaging-768x1086.jpg 768w, https:\/\/bandex.ar\/wp-content\/uploads\/2023\/10\/Folleto-soluciones-en-packaging-1086x1536.jpg 1086w, https:\/\/bandex.ar\/wp-content\/uploads\/2023\/10\/Folleto-soluciones-en-packaging-1448x2048.jpg 1448w, https:\/\/bandex.ar\/wp-content\/uploads\/2023\/10\/Folleto-soluciones-en-packaging-600x849.jpg 600w\" sizes=\"auto, (max-width: 1810px) 100vw, 1810px\" \/><\/a><\/figure><div class=\"elementor-image-box-content\"><h3 class=\"elementor-image-box-title\"><a href=\"https:\/\/bandex.ar\/wp-content\/uploads\/2025\/08\/folleto-rigido-2025d.pdf\" target=\"_blank\">EMBALAGEM R\u00cdGIDA<\/a><\/h3><p class=\"elementor-image-box-description\">A linha de embalagens r\u00edgidas apresenta grande versatilidade de usos para alimentos quentes ou frios, o design e a combina\u00e7\u00e3o de materiais valorizam a apresenta\u00e7\u00e3o dos alimentos.<\/p><\/div><\/div>\t\t\t\t<\/div>\n\t\t\t\t<\/div>\n\t\t\t\t<div class=\"elementor-element elementor-element-b8414cc elementor-widget__width-initial elementor-position-top elementor-widget elementor-widget-image-box\" data-id=\"b8414cc\" data-element_type=\"widget\" data-e-type=\"widget\" data-widget_type=\"image-box.default\">\n\t\t\t\t<div class=\"elementor-widget-container\">\n\t\t\t\t\t<div class=\"elementor-image-box-wrapper\"><figure class=\"elementor-image-box-img\"><a href=\"https:\/\/bandex.ar\/wp-content\/uploads\/2024\/05\/pse-bandex.pdf\" target=\"_blank\" tabindex=\"-1\"><img loading=\"lazy\" decoding=\"async\" width=\"1810\" height=\"2560\" src=\"https:\/\/bandex.ar\/wp-content\/uploads\/2024\/05\/tapa-pse.jpg\" class=\"attachment-full size-full wp-image-10443\" alt=\"PSE Bandex\" srcset=\"https:\/\/bandex.ar\/wp-content\/uploads\/2024\/05\/tapa-pse.jpg 1810w, https:\/\/bandex.ar\/wp-content\/uploads\/2024\/05\/tapa-pse-212x300.jpg 212w, https:\/\/bandex.ar\/wp-content\/uploads\/2024\/05\/tapa-pse-724x1024.jpg 724w, https:\/\/bandex.ar\/wp-content\/uploads\/2024\/05\/tapa-pse-768x1086.jpg 768w, https:\/\/bandex.ar\/wp-content\/uploads\/2024\/05\/tapa-pse-1086x1536.jpg 1086w, https:\/\/bandex.ar\/wp-content\/uploads\/2024\/05\/tapa-pse-1448x2048.jpg 1448w, https:\/\/bandex.ar\/wp-content\/uploads\/2024\/05\/tapa-pse-600x849.jpg 600w\" sizes=\"auto, (max-width: 1810px) 100vw, 1810px\" \/><\/a><\/figure><div class=\"elementor-image-box-content\"><h3 class=\"elementor-image-box-title\"><a href=\"https:\/\/bandex.ar\/wp-content\/uploads\/2024\/05\/pse-bandex.pdf\" target=\"_blank\">EMBALAGEM PSE<\/a><\/h3><p class=\"elementor-image-box-description\">As linhas possuem uma grande variedade de tamanhos, cores e resist\u00eancias. Todas livres de CFC que protegem a camada de oz\u00f4nio.<\/p><\/div><\/div>\t\t\t\t<\/div>\n\t\t\t\t<\/div>\n\t\t\t\t<div class=\"elementor-element elementor-element-909eb62 elementor-widget__width-initial elementor-position-top elementor-widget elementor-widget-image-box\" data-id=\"909eb62\" data-element_type=\"widget\" data-e-type=\"widget\" data-widget_type=\"image-box.default\">\n\t\t\t\t<div class=\"elementor-widget-container\">\n\t\t\t\t\t<div class=\"elementor-image-box-wrapper\"><figure class=\"elementor-image-box-img\"><a href=\"https:\/\/bandex.ar\/wp-content\/uploads\/2025\/03\/Folleto-cana-de-azucar.pdf\" target=\"_blank\" tabindex=\"-1\"><img loading=\"lazy\" decoding=\"async\" width=\"600\" height=\"849\" src=\"https:\/\/bandex.ar\/wp-content\/uploads\/2025\/03\/cana-de-azucar.jpg\" class=\"attachment-full size-full wp-image-11608\" alt=\"Folleto Bagazo ca\u00f1a de azucar\" srcset=\"https:\/\/bandex.ar\/wp-content\/uploads\/2025\/03\/cana-de-azucar.jpg 600w, https:\/\/bandex.ar\/wp-content\/uploads\/2025\/03\/cana-de-azucar-212x300.jpg 212w\" sizes=\"auto, (max-width: 600px) 100vw, 600px\" \/><\/a><\/figure><div class=\"elementor-image-box-content\"><h3 class=\"elementor-image-box-title\"><a href=\"https:\/\/bandex.ar\/wp-content\/uploads\/2025\/03\/Folleto-cana-de-azucar.pdf\" target=\"_blank\">Linha Cana de A\u00e7\u00facar<\/a><\/h3><p class=\"elementor-image-box-description\">Conhe\u00e7a nossa Linha Cana de A\u00e7\u00facar<\/p><\/div><\/div>\t\t\t\t<\/div>\n\t\t\t\t<\/div>\n\t\t\t\t<div class=\"elementor-element elementor-element-81b5081 elementor-widget__width-initial elementor-position-top elementor-widget elementor-widget-image-box\" data-id=\"81b5081\" data-element_type=\"widget\" data-e-type=\"widget\" data-widget_type=\"image-box.default\">\n\t\t\t\t<div class=\"elementor-widget-container\">\n\t\t\t\t\t<div class=\"elementor-image-box-wrapper\"><figure class=\"elementor-image-box-img\"><a href=\"https:\/\/bandex.ar\/wp-content\/uploads\/2025\/03\/Torteras.pdf\" target=\"_blank\" tabindex=\"-1\"><img loading=\"lazy\" decoding=\"async\" width=\"600\" height=\"849\" src=\"https:\/\/bandex.ar\/wp-content\/uploads\/2025\/03\/torteras-bandex.jpg\" class=\"attachment-full size-full wp-image-11587\" alt=\"Torteras Bandex\" srcset=\"https:\/\/bandex.ar\/wp-content\/uploads\/2025\/03\/torteras-bandex.jpg 600w, https:\/\/bandex.ar\/wp-content\/uploads\/2025\/03\/torteras-bandex-212x300.jpg 212w\" sizes=\"auto, (max-width: 600px) 100vw, 600px\" \/><\/a><\/figure><div class=\"elementor-image-box-content\"><h3 class=\"elementor-image-box-title\"><a href=\"https:\/\/bandex.ar\/wp-content\/uploads\/2025\/03\/Torteras.pdf\" target=\"_blank\">TORTERAS<\/a><\/h3><p class=\"elementor-image-box-description\">Saber mais.<\/p><\/div><\/div>\t\t\t\t<\/div>\n\t\t\t\t<\/div>\n\t\t\t\t<div class=\"elementor-element elementor-element-8547d23 elementor-widget__width-initial elementor-position-top elementor-widget elementor-widget-image-box\" data-id=\"8547d23\" data-element_type=\"widget\" data-e-type=\"widget\" data-widget_type=\"image-box.default\">\n\t\t\t\t<div class=\"elementor-widget-container\">\n\t\t\t\t\t<div class=\"elementor-image-box-wrapper\"><figure class=\"elementor-image-box-img\"><a href=\"https:\/\/bandex.ar\/wp-content\/uploads\/2022\/07\/Folleto-foodcare.pdf\" target=\"_blank\" tabindex=\"-1\"><img loading=\"lazy\" decoding=\"async\" width=\"1810\" height=\"2560\" src=\"https:\/\/bandex.ar\/wp-content\/uploads\/2022\/07\/04-FoodCare-3-scaled.jpg\" class=\"attachment-full size-full wp-image-5034\" alt=\"\" srcset=\"https:\/\/bandex.ar\/wp-content\/uploads\/2022\/07\/04-FoodCare-3-scaled.jpg 1810w, https:\/\/bandex.ar\/wp-content\/uploads\/2022\/07\/04-FoodCare-3-212x300.jpg 212w, https:\/\/bandex.ar\/wp-content\/uploads\/2022\/07\/04-FoodCare-3-724x1024.jpg 724w, https:\/\/bandex.ar\/wp-content\/uploads\/2022\/07\/04-FoodCare-3-768x1086.jpg 768w, https:\/\/bandex.ar\/wp-content\/uploads\/2022\/07\/04-FoodCare-3-1086x1536.jpg 1086w, https:\/\/bandex.ar\/wp-content\/uploads\/2022\/07\/04-FoodCare-3-1448x2048.jpg 1448w, https:\/\/bandex.ar\/wp-content\/uploads\/2022\/07\/04-FoodCare-3-600x849.jpg 600w\" sizes=\"auto, (max-width: 1810px) 100vw, 1810px\" \/><\/a><\/figure><div class=\"elementor-image-box-content\"><h3 class=\"elementor-image-box-title\"><a href=\"https:\/\/bandex.ar\/wp-content\/uploads\/2022\/07\/Folleto-foodcare.pdf\" target=\"_blank\">FOODCARE<\/a><\/h3><p class=\"elementor-image-box-description\">Criamos uma linha de bandejas e filmes para embalagens de atmosfera modificada.<\/p><\/div><\/div>\t\t\t\t<\/div>\n\t\t\t\t<\/div>\n\t\t\t\t<div class=\"elementor-element elementor-element-de46961 elementor-widget__width-initial elementor-position-top elementor-widget elementor-widget-image-box\" data-id=\"de46961\" data-element_type=\"widget\" data-e-type=\"widget\" data-widget_type=\"image-box.default\">\n\t\t\t\t<div class=\"elementor-widget-container\">\n\t\t\t\t\t<div class=\"elementor-image-box-wrapper\"><figure class=\"elementor-image-box-img\"><a href=\"https:\/\/bandex.ar\/wp-content\/uploads\/2025\/10\/Sushi.pdf\" target=\"_blank\" tabindex=\"-1\"><img loading=\"lazy\" decoding=\"async\" width=\"724\" height=\"1024\" src=\"https:\/\/bandex.ar\/wp-content\/uploads\/2025\/10\/sushi.jpg\" class=\"attachment-full size-full wp-image-11848\" alt=\"Folleto l\u00ednea sushi\" srcset=\"https:\/\/bandex.ar\/wp-content\/uploads\/2025\/10\/sushi.jpg 724w, https:\/\/bandex.ar\/wp-content\/uploads\/2025\/10\/sushi-212x300.jpg 212w, https:\/\/bandex.ar\/wp-content\/uploads\/2025\/10\/sushi-600x849.jpg 600w\" sizes=\"auto, (max-width: 724px) 100vw, 724px\" \/><\/a><\/figure><div class=\"elementor-image-box-content\"><h3 class=\"elementor-image-box-title\"><a href=\"https:\/\/bandex.ar\/wp-content\/uploads\/2025\/10\/Sushi.pdf\" target=\"_blank\">SUSHI<\/a><\/h3><p class=\"elementor-image-box-description\">A comida asi\u00e1tica d\u00e1 um destaque muito importante no packaging dos produtos, temos uma linha especial para esta proposta gastron\u00f4mica.<\/p><\/div><\/div>\t\t\t\t<\/div>\n\t\t\t\t<\/div>\n\t\t\t\t<div class=\"elementor-element elementor-element-323cd8f elementor-widget__width-initial elementor-position-top elementor-widget elementor-widget-image-box\" data-id=\"323cd8f\" data-element_type=\"widget\" data-e-type=\"widget\" data-widget_type=\"image-box.default\">\n\t\t\t\t<div class=\"elementor-widget-container\">\n\t\t\t\t\t<div class=\"elementor-image-box-wrapper\"><figure class=\"elementor-image-box-img\"><a href=\"https:\/\/bandex.ar\/wp-content\/uploads\/2022\/07\/separadores-1.pdf\" target=\"_blank\" tabindex=\"-1\"><img loading=\"lazy\" decoding=\"async\" width=\"1810\" height=\"2560\" src=\"https:\/\/bandex.ar\/wp-content\/uploads\/2022\/07\/separadores-scaled.jpg\" class=\"attachment-full size-full wp-image-5082\" alt=\"\" srcset=\"https:\/\/bandex.ar\/wp-content\/uploads\/2022\/07\/separadores-scaled.jpg 1810w, https:\/\/bandex.ar\/wp-content\/uploads\/2022\/07\/separadores-212x300.jpg 212w, https:\/\/bandex.ar\/wp-content\/uploads\/2022\/07\/separadores-724x1024.jpg 724w, https:\/\/bandex.ar\/wp-content\/uploads\/2022\/07\/separadores-768x1086.jpg 768w, https:\/\/bandex.ar\/wp-content\/uploads\/2022\/07\/separadores-1086x1536.jpg 1086w, https:\/\/bandex.ar\/wp-content\/uploads\/2022\/07\/separadores-1448x2048.jpg 1448w, https:\/\/bandex.ar\/wp-content\/uploads\/2022\/07\/separadores-600x849.jpg 600w\" sizes=\"auto, (max-width: 1810px) 100vw, 1810px\" \/><\/a><\/figure><div class=\"elementor-image-box-content\"><h3 class=\"elementor-image-box-title\"><a href=\"https:\/\/bandex.ar\/wp-content\/uploads\/2022\/07\/separadores-1.pdf\" target=\"_blank\">DIVISORES DE GARRAFAS<\/a><\/h3><p class=\"elementor-image-box-description\">A linha de divisores protege as garrafas, amortece os impactos no transporte e no armazenamento.<\/p><\/div><\/div>\t\t\t\t<\/div>\n\t\t\t\t<\/div>\n\t\t\t\t<div class=\"elementor-element elementor-element-57715df elementor-widget__width-initial elementor-position-top elementor-widget elementor-widget-image-box\" data-id=\"57715df\" data-element_type=\"widget\" data-e-type=\"widget\" data-widget_type=\"image-box.default\">\n\t\t\t\t<div class=\"elementor-widget-container\">\n\t\t\t\t\t<div class=\"elementor-image-box-wrapper\"><figure class=\"elementor-image-box-img\"><a href=\"https:\/\/bandex.ar\/wp-content\/uploads\/2022\/07\/ENVASES.pdf\" target=\"_blank\" tabindex=\"-1\"><img loading=\"lazy\" decoding=\"async\" width=\"1810\" height=\"2560\" src=\"https:\/\/bandex.ar\/wp-content\/uploads\/2022\/07\/06-scaled.jpg\" class=\"attachment-full size-full wp-image-5097\" alt=\"\" srcset=\"https:\/\/bandex.ar\/wp-content\/uploads\/2022\/07\/06-scaled.jpg 1810w, https:\/\/bandex.ar\/wp-content\/uploads\/2022\/07\/06-212x300.jpg 212w, https:\/\/bandex.ar\/wp-content\/uploads\/2022\/07\/06-724x1024.jpg 724w, https:\/\/bandex.ar\/wp-content\/uploads\/2022\/07\/06-768x1086.jpg 768w, https:\/\/bandex.ar\/wp-content\/uploads\/2022\/07\/06-1086x1536.jpg 1086w, https:\/\/bandex.ar\/wp-content\/uploads\/2022\/07\/06-1448x2048.jpg 1448w, https:\/\/bandex.ar\/wp-content\/uploads\/2022\/07\/06-600x849.jpg 600w\" sizes=\"auto, (max-width: 1810px) 100vw, 1810px\" \/><\/a><\/figure><div class=\"elementor-image-box-content\"><h3 class=\"elementor-image-box-title\"><a href=\"https:\/\/bandex.ar\/wp-content\/uploads\/2022\/07\/ENVASES.pdf\" target=\"_blank\">LINHA ROTLEN EMBALAGENS<\/a><\/h3><p class=\"elementor-image-box-description\">Linha de Embalagens Rotlen em PET ideal para panifica\u00e7\u00e3o e comidas frias.<\/p><\/div><\/div>\t\t\t\t<\/div>\n\t\t\t\t<\/div>\n\t\t\t\t<div class=\"elementor-element elementor-element-694f1a1 elementor-widget__width-initial elementor-position-top elementor-widget elementor-widget-image-box\" data-id=\"694f1a1\" data-element_type=\"widget\" data-e-type=\"widget\" data-widget_type=\"image-box.default\">\n\t\t\t\t<div class=\"elementor-widget-container\">\n\t\t\t\t\t<div class=\"elementor-image-box-wrapper\"><figure class=\"elementor-image-box-img\"><a href=\"https:\/\/bandex.ar\/wp-content\/uploads\/2022\/07\/CLAMSHELL.pdf\" target=\"_blank\" tabindex=\"-1\"><img loading=\"lazy\" decoding=\"async\" width=\"1810\" height=\"2560\" src=\"https:\/\/bandex.ar\/wp-content\/uploads\/2022\/07\/05-scaled.jpg\" class=\"attachment-full size-full wp-image-5095\" alt=\"\" srcset=\"https:\/\/bandex.ar\/wp-content\/uploads\/2022\/07\/05-scaled.jpg 1810w, https:\/\/bandex.ar\/wp-content\/uploads\/2022\/07\/05-212x300.jpg 212w, https:\/\/bandex.ar\/wp-content\/uploads\/2022\/07\/05-724x1024.jpg 724w, https:\/\/bandex.ar\/wp-content\/uploads\/2022\/07\/05-768x1086.jpg 768w, https:\/\/bandex.ar\/wp-content\/uploads\/2022\/07\/05-1086x1536.jpg 1086w, https:\/\/bandex.ar\/wp-content\/uploads\/2022\/07\/05-1448x2048.jpg 1448w, https:\/\/bandex.ar\/wp-content\/uploads\/2022\/07\/05-600x849.jpg 600w\" sizes=\"auto, (max-width: 1810px) 100vw, 1810px\" \/><\/a><\/figure><div class=\"elementor-image-box-content\"><h3 class=\"elementor-image-box-title\"><a href=\"https:\/\/bandex.ar\/wp-content\/uploads\/2022\/07\/CLAMSHELL.pdf\" target=\"_blank\">LINHA ROTLEN CLAMSHELL<\/a><\/h3><p class=\"elementor-image-box-description\">Linha Clamshell para frutas inteiras.<\/p><\/div><\/div>\t\t\t\t<\/div>\n\t\t\t\t<\/div>\n\t\t\t\t<div class=\"elementor-element elementor-element-3306ecf elementor-widget__width-initial elementor-position-top elementor-widget elementor-widget-image-box\" data-id=\"3306ecf\" data-element_type=\"widget\" data-e-type=\"widget\" data-widget_type=\"image-box.default\">\n\t\t\t\t<div class=\"elementor-widget-container\">\n\t\t\t\t\t<div class=\"elementor-image-box-wrapper\"><figure class=\"elementor-image-box-img\"><a href=\"https:\/\/bandex.ar\/wp-content\/uploads\/2022\/07\/brochure_laminas.pdf\" target=\"_blank\" tabindex=\"-1\"><img loading=\"lazy\" decoding=\"async\" width=\"1810\" height=\"2560\" src=\"https:\/\/bandex.ar\/wp-content\/uploads\/2022\/07\/01-scaled.jpg\" class=\"attachment-full size-full wp-image-5061\" alt=\"\" srcset=\"https:\/\/bandex.ar\/wp-content\/uploads\/2022\/07\/01-scaled.jpg 1810w, https:\/\/bandex.ar\/wp-content\/uploads\/2022\/07\/01-212x300.jpg 212w, https:\/\/bandex.ar\/wp-content\/uploads\/2022\/07\/01-724x1024.jpg 724w, https:\/\/bandex.ar\/wp-content\/uploads\/2022\/07\/01-768x1086.jpg 768w, https:\/\/bandex.ar\/wp-content\/uploads\/2022\/07\/01-1086x1536.jpg 1086w, https:\/\/bandex.ar\/wp-content\/uploads\/2022\/07\/01-1448x2048.jpg 1448w, https:\/\/bandex.ar\/wp-content\/uploads\/2022\/07\/01-600x849.jpg 600w\" sizes=\"auto, (max-width: 1810px) 100vw, 1810px\" \/><\/a><\/figure><div class=\"elementor-image-box-content\"><h3 class=\"elementor-image-box-title\"><a href=\"https:\/\/bandex.ar\/wp-content\/uploads\/2022\/07\/brochure_laminas.pdf\" target=\"_blank\">FILMES<\/a><\/h3><p class=\"elementor-image-box-description\">Filmes e rolos pl\u00e1sticos desenvolvidos para o setor industrial.<\/p><\/div><\/div>\t\t\t\t<\/div>\n\t\t\t\t<\/div>\n\t\t\t\t<div class=\"elementor-element elementor-element-c12909d elementor-widget__width-initial elementor-position-top elementor-widget elementor-widget-image-box\" data-id=\"c12909d\" data-element_type=\"widget\" data-e-type=\"widget\" data-widget_type=\"image-box.default\">\n\t\t\t\t<div class=\"elementor-widget-container\">\n\t\t\t\t\t<div class=\"elementor-image-box-wrapper\"><figure class=\"elementor-image-box-img\"><a href=\"https:\/\/bandex.ar\/wp-content\/uploads\/2022\/07\/brochure_laminas_2.pdf\" target=\"_blank\" tabindex=\"-1\"><img loading=\"lazy\" decoding=\"async\" width=\"1810\" height=\"2560\" src=\"https:\/\/bandex.ar\/wp-content\/uploads\/2022\/07\/02-scaled.jpg\" class=\"attachment-full size-full wp-image-5063\" alt=\"\" srcset=\"https:\/\/bandex.ar\/wp-content\/uploads\/2022\/07\/02-scaled.jpg 1810w, https:\/\/bandex.ar\/wp-content\/uploads\/2022\/07\/02-212x300.jpg 212w, https:\/\/bandex.ar\/wp-content\/uploads\/2022\/07\/02-724x1024.jpg 724w, https:\/\/bandex.ar\/wp-content\/uploads\/2022\/07\/02-768x1086.jpg 768w, https:\/\/bandex.ar\/wp-content\/uploads\/2022\/07\/02-1086x1536.jpg 1086w, https:\/\/bandex.ar\/wp-content\/uploads\/2022\/07\/02-1448x2048.jpg 1448w, https:\/\/bandex.ar\/wp-content\/uploads\/2022\/07\/02-600x849.jpg 600w\" sizes=\"auto, (max-width: 1810px) 100vw, 1810px\" \/><\/a><\/figure><div class=\"elementor-image-box-content\"><h3 class=\"elementor-image-box-title\"><a href=\"https:\/\/bandex.ar\/wp-content\/uploads\/2022\/07\/brochure_laminas_2.pdf\" target=\"_blank\">FILMES II<\/a><\/h3><p class=\"elementor-image-box-description\">Caracter\u00edsticas t\u00e9cnicas de filmes e rolos pl\u00e1sticos.<\/p><\/div><\/div>\t\t\t\t<\/div>\n\t\t\t\t<\/div>\n\t\t\t\t<div class=\"elementor-element elementor-element-bb78edb elementor-widget__width-initial elementor-position-top elementor-widget elementor-widget-image-box\" data-id=\"bb78edb\" data-element_type=\"widget\" data-e-type=\"widget\" data-widget_type=\"image-box.default\">\n\t\t\t\t<div class=\"elementor-widget-container\">\n\t\t\t\t\t<div class=\"elementor-image-box-wrapper\"><figure class=\"elementor-image-box-img\"><a href=\"https:\/\/bandex.ar\/wp-content\/uploads\/2022\/07\/BANDEX_LAMINAS.pdf\" target=\"_blank\" tabindex=\"-1\"><img loading=\"lazy\" decoding=\"async\" width=\"1810\" height=\"2560\" src=\"https:\/\/bandex.ar\/wp-content\/uploads\/2022\/07\/03-scaled.jpg\" class=\"attachment-full size-full wp-image-5065\" alt=\"\" srcset=\"https:\/\/bandex.ar\/wp-content\/uploads\/2022\/07\/03-scaled.jpg 1810w, https:\/\/bandex.ar\/wp-content\/uploads\/2022\/07\/03-212x300.jpg 212w, https:\/\/bandex.ar\/wp-content\/uploads\/2022\/07\/03-724x1024.jpg 724w, https:\/\/bandex.ar\/wp-content\/uploads\/2022\/07\/03-768x1086.jpg 768w, https:\/\/bandex.ar\/wp-content\/uploads\/2022\/07\/03-1086x1536.jpg 1086w, https:\/\/bandex.ar\/wp-content\/uploads\/2022\/07\/03-1448x2048.jpg 1448w, https:\/\/bandex.ar\/wp-content\/uploads\/2022\/07\/03-600x849.jpg 600w\" sizes=\"auto, (max-width: 1810px) 100vw, 1810px\" \/><\/a><\/figure><div class=\"elementor-image-box-content\"><h3 class=\"elementor-image-box-title\"><a href=\"https:\/\/bandex.ar\/wp-content\/uploads\/2022\/07\/BANDEX_LAMINAS.pdf\" target=\"_blank\">FILMES III<\/a><\/h3><p class=\"elementor-image-box-description\">Caracter\u00edsticas t\u00e9cnicas de filmes e rolos pl\u00e1sticos.<\/p><\/div><\/div>\t\t\t\t<\/div>\n\t\t\t\t<\/div>\n\t\t\t\t<div class=\"elementor-element elementor-element-f7964fb elementor-widget__width-initial elementor-position-top elementor-widget elementor-widget-image-box\" data-id=\"f7964fb\" data-element_type=\"widget\" data-e-type=\"widget\" data-widget_type=\"image-box.default\">\n\t\t\t\t<div class=\"elementor-widget-container\">\n\t\t\t\t\t<div class=\"elementor-image-box-wrapper\"><figure class=\"elementor-image-box-img\"><a href=\"https:\/\/bandex.ar\/wp-content\/uploads\/2022\/07\/Folleto-laminas.pdf\" target=\"_blank\" tabindex=\"-1\"><img loading=\"lazy\" decoding=\"async\" width=\"1810\" height=\"2560\" src=\"https:\/\/bandex.ar\/wp-content\/uploads\/2022\/07\/03-Laminas-PET-scaled.jpg\" class=\"attachment-full size-full wp-image-4897\" alt=\"Folleto Laminas PET Bandex\" srcset=\"https:\/\/bandex.ar\/wp-content\/uploads\/2022\/07\/03-Laminas-PET-scaled.jpg 1810w, https:\/\/bandex.ar\/wp-content\/uploads\/2022\/07\/03-Laminas-PET-212x300.jpg 212w, https:\/\/bandex.ar\/wp-content\/uploads\/2022\/07\/03-Laminas-PET-724x1024.jpg 724w, https:\/\/bandex.ar\/wp-content\/uploads\/2022\/07\/03-Laminas-PET-768x1086.jpg 768w, https:\/\/bandex.ar\/wp-content\/uploads\/2022\/07\/03-Laminas-PET-1086x1536.jpg 1086w, https:\/\/bandex.ar\/wp-content\/uploads\/2022\/07\/03-Laminas-PET-1448x2048.jpg 1448w, https:\/\/bandex.ar\/wp-content\/uploads\/2022\/07\/03-Laminas-PET-600x849.jpg 600w\" sizes=\"auto, (max-width: 1810px) 100vw, 1810px\" \/><\/a><\/figure><div class=\"elementor-image-box-content\"><h3 class=\"elementor-image-box-title\"><a href=\"https:\/\/bandex.ar\/wp-content\/uploads\/2022\/07\/Folleto-laminas.pdf\" target=\"_blank\">DIVIS\u00d3RIAS PET<\/a><\/h3><p class=\"elementor-image-box-description\">Linha de divis\u00f3rias PET para uma intera\u00e7\u00e3o segura e pessoal nos espa\u00e7os.<\/p><\/div><\/div>\t\t\t\t<\/div>\n\t\t\t\t<\/div>\n\t\t\t\t\t<\/div>\n\t\t<\/div>\n\t\t\t\t\t<\/div>\n\t\t<\/section>\n\t\t\t\t<\/div>\n\t\t","protected":false},"excerpt":{"rendered":"<p>PRODUTOS BANDEX Baixe nossos folhetos e conhe\u00e7a todos os produtos que a Bandex tem para oferecer. Conhe\u00e7a nossas linhas feitas com os mais altos padr\u00f5es de qualidade EMBALAGEM R\u00cdGIDA A linha de embalagens r\u00edgidas apresenta grande versatilidade de usos para alimentos quentes ou frios, o design e a combina\u00e7\u00e3o de materiais valorizam a apresenta\u00e7\u00e3o dos [&hellip;]<\/p>\n","protected":false},"author":1,"featured_media":7892,"parent":0,"menu_order":0,"comment_status":"closed","ping_status":"closed","template":"elementor_theme","meta":{"footnotes":""},"class_list":["post-8144","page","type-page","status-publish","has-post-thumbnail","hentry"],"aioseo_notices":[],"_links":{"self":[{"href":"https:\/\/bandex.ar\/pt-br\/wp-json\/wp\/v2\/pages\/8144","targetHints":{"allow":["GET"]}}],"collection":[{"href":"https:\/\/bandex.ar\/pt-br\/wp-json\/wp\/v2\/pages"}],"about":[{"href":"https:\/\/bandex.ar\/pt-br\/wp-json\/wp\/v2\/types\/page"}],"author":[{"embeddable":true,"href":"https:\/\/bandex.ar\/pt-br\/wp-json\/wp\/v2\/users\/1"}],"replies":[{"embeddable":true,"href":"https:\/\/bandex.ar\/pt-br\/wp-json\/wp\/v2\/comments?post=8144"}],"version-history":[{"count":3,"href":"https:\/\/bandex.ar\/pt-br\/wp-json\/wp\/v2\/pages\/8144\/revisions"}],"predecessor-version":[{"id":11857,"href":"https:\/\/bandex.ar\/pt-br\/wp-json\/wp\/v2\/pages\/8144\/revisions\/11857"}],"wp:featuredmedia":[{"embeddable":true,"href":"https:\/\/bandex.ar\/pt-br\/wp-json\/wp\/v2\/media\/7892"}],"wp:attachment":[{"href":"https:\/\/bandex.ar\/pt-br\/wp-json\/wp\/v2\/media?parent=8144"}],"curies":[{"name":"wp","href":"https:\/\/api.w.org\/{rel}","templated":true}]}}